{"id":838,"date":"2024-06-16T08:28:10","date_gmt":"2024-06-16T08:28:10","guid":{"rendered":"https:\/\/latajacestudio.pl\/?page_id=838"},"modified":"2026-01-08T13:54:22","modified_gmt":"2026-01-08T13:54:22","slug":"grafik","status":"publish","type":"page","link":"https:\/\/latajacestudio.pl\/index.php\/grafik\/","title":{"rendered":"Grafik"},"content":{"rendered":"\t\t<div data-elementor-type=\"wp-page\" data-elementor-id=\"838\" class=\"elementor elementor-838\">\n\t\t\t\t<div class=\"elementor-element elementor-element-38fb558 e-con-full e-flex e-con e-parent\" data-id=\"38fb558\" data-element_type=\"container\" data-settings=\"{&quot;background_background&quot;:&quot;classic&quot;}\">\n\t\t<div class=\"elementor-element elementor-element-73bffb5 e-con-full e-flex e-con e-child\" data-id=\"73bffb5\" data-element_type=\"container\">\n\t\t\t\t<div class=\"elementor-element elementor-element-326103a elementor-icon-list--layout-inline elementor-align-right elementor-widget__width-inherit elementor-list-item-link-full_width elementor-widget elementor-widget-icon-list\" data-id=\"326103a\" data-element_type=\"widget\" data-widget_type=\"icon-list.default\">\n\t\t\t\t<div class=\"elementor-widget-container\">\n\t\t\t\t\t\t\t<ul class=\"elementor-icon-list-items elementor-inline-items\">\n\t\t\t\t\t\t\t<li class=\"elementor-icon-list-item elementor-inline-item\">\n\t\t\t\t\t\t\t\t\t\t\t<span class=\"elementor-icon-list-icon\">\n\t\t\t\t\t\t\t<svg aria-hidden=\"true\" class=\"e-font-icon-svg e-fas-circle-notch\" viewBox=\"0 0 512 512\" xmlns=\"http:\/\/www.w3.org\/2000\/svg\"><path d=\"M288 39.056v16.659c0 10.804 7.281 20.159 17.686 23.066C383.204 100.434 440 171.518 440 256c0 101.689-82.295 184-184 184-101.689 0-184-82.295-184-184 0-84.47 56.786-155.564 134.312-177.219C216.719 75.874 224 66.517 224 55.712V39.064c0-15.709-14.834-27.153-30.046-23.234C86.603 43.482 7.394 141.206 8.003 257.332c.72 137.052 111.477 246.956 248.531 246.667C393.255 503.711 504 392.788 504 256c0-115.633-79.14-212.779-186.211-240.236C302.678 11.889 288 23.456 288 39.056z\"><\/path><\/svg>\t\t\t\t\t\t<\/span>\n\t\t\t\t\t\t\t\t\t\t<span class=\"elementor-icon-list-text\">Zapisy na zaj\u0119cia:<\/span>\n\t\t\t\t\t\t\t\t\t<\/li>\n\t\t\t\t\t\t<\/ul>\n\t\t\t\t\t\t<\/div>\n\t\t\t\t<\/div>\n\t\t\t\t<\/div>\n\t\t<div class=\"elementor-element elementor-element-57d4183 e-con-full e-flex e-con e-child\" data-id=\"57d4183\" data-element_type=\"container\">\n\t\t\t\t<div class=\"elementor-element elementor-element-99dd4c0 elementor-align-left elementor-widget elementor-widget-button\" data-id=\"99dd4c0\" data-element_type=\"widget\" data-widget_type=\"button.default\">\n\t\t\t\t<div class=\"elementor-widget-container\">\n\t\t\t\t\t\t\t\t\t<div class=\"elementor-button-wrapper\">\n\t\t\t\t\t<a class=\"elementor-button elementor-button-link elementor-size-sm\" href=\"https:\/\/app.fitssey.com\/latajacestudio\/frontoffice\">\n\t\t\t\t\t\t<span class=\"elementor-button-content-wrapper\">\n\t\t\t\t\t\t\t\t\t<span class=\"elementor-button-text\">TUTAJ<\/span>\n\t\t\t\t\t<\/span>\n\t\t\t\t\t<\/a>\n\t\t\t\t<\/div>\n\t\t\t\t\t\t\t\t<\/div>\n\t\t\t\t<\/div>\n\t\t\t\t<\/div>\n\t\t\t\t<\/div>\n\t\t<div class=\"elementor-element elementor-element-736e313 e-flex e-con-boxed e-con e-parent\" data-id=\"736e313\" data-element_type=\"container\">\n\t\t\t\t\t<div class=\"e-con-inner\">\n\t\t\t\t<div class=\"elementor-element elementor-element-47f6dc2 elementor-widget elementor-widget-image\" data-id=\"47f6dc2\" data-element_type=\"widget\" data-widget_type=\"image.default\">\n\t\t\t\t<div class=\"elementor-widget-container\">\n\t\t\t\t\t\t\t\t\t\t\t\t\t\t\t\t<a href=\"https:\/\/app.fitssey.com\/latajacestudio\">\n\t\t\t\t\t\t\t<img fetchpriority=\"high\" decoding=\"async\" width=\"2000\" height=\"1414\" src=\"https:\/\/latajacestudio.pl\/wp-content\/uploads\/2026\/01\/Grafik-15.png\" class=\"attachment-full size-full wp-image-1542\" alt=\"grafik aerial hoop bungee fitness relaksacja somatyczna zaj\u0119cia pozna\u0144 akrobatyka powietrzna taniec wertykalny stretching tribal fusion bellydance burleska zaj\u0119cia oddechowe kalistenika\" srcset=\"https:\/\/latajacestudio.pl\/wp-content\/uploads\/2026\/01\/Grafik-15.png 2000w, https:\/\/latajacestudio.pl\/wp-content\/uploads\/2026\/01\/Grafik-15-300x212.png 300w, https:\/\/latajacestudio.pl\/wp-content\/uploads\/2026\/01\/Grafik-15-1024x724.png 1024w, https:\/\/latajacestudio.pl\/wp-content\/uploads\/2026\/01\/Grafik-15-768x543.png 768w, https:\/\/latajacestudio.pl\/wp-content\/uploads\/2026\/01\/Grafik-15-1536x1086.png 1536w\" sizes=\"(max-width: 2000px) 100vw, 2000px\" \/>\t\t\t\t\t\t\t\t<\/a>\n\t\t\t\t\t\t\t\t\t\t\t\t\t\t\t<\/div>\n\t\t\t\t<\/div>\n\t\t\t\t\t<\/div>\n\t\t\t\t<\/div>\n\t\t<div class=\"elementor-element elementor-element-cc0b69c e-flex e-con-boxed e-con e-parent\" data-id=\"cc0b69c\" data-element_type=\"container\">\n\t\t\t\t\t<div class=\"e-con-inner\">\n\t\t\t\t<div class=\"elementor-element elementor-element-54cfaec elementor-widget elementor-widget-spacer\" data-id=\"54cfaec\" data-element_type=\"widget\" data-widget_type=\"spacer.default\">\n\t\t\t\t<div class=\"elementor-widget-container\">\n\t\t\t\t\t\t\t<div class=\"elementor-spacer\">\n\t\t\t<div class=\"elementor-spacer-inner\"><\/div>\n\t\t<\/div>\n\t\t\t\t\t\t<\/div>\n\t\t\t\t<\/div>\n\t\t\t\t\t<\/div>\n\t\t\t\t<\/div>\n\t\t\t\t<\/div>\n\t\t","protected":false},"excerpt":{"rendered":"<p>Zapisy na zaj\u0119cia: TUTAJ<\/p>\n","protected":false},"author":1,"featured_media":0,"parent":0,"menu_order":0,"comment_status":"closed","ping_status":"closed","template":"elementor_header_footer","meta":{"_seopress_robots_primary_cat":"","_seopress_titles_title":"","_seopress_titles_desc":"","_seopress_robots_index":"","footnotes":""},"class_list":["post-838","page","type-page","status-publish","hentry"],"_links":{"self":[{"href":"https:\/\/latajacestudio.pl\/index.php\/wp-json\/wp\/v2\/pages\/838","targetHints":{"allow":["GET"]}}],"collection":[{"href":"https:\/\/latajacestudio.pl\/index.php\/wp-json\/wp\/v2\/pages"}],"about":[{"href":"https:\/\/latajacestudio.pl\/index.php\/wp-json\/wp\/v2\/types\/page"}],"author":[{"embeddable":true,"href":"https:\/\/latajacestudio.pl\/index.php\/wp-json\/wp\/v2\/users\/1"}],"replies":[{"embeddable":true,"href":"https:\/\/latajacestudio.pl\/index.php\/wp-json\/wp\/v2\/comments?post=838"}],"version-history":[{"count":79,"href":"https:\/\/latajacestudio.pl\/index.php\/wp-json\/wp\/v2\/pages\/838\/revisions"}],"predecessor-version":[{"id":1545,"href":"https:\/\/latajacestudio.pl\/index.php\/wp-json\/wp\/v2\/pages\/838\/revisions\/1545"}],"wp:attachment":[{"href":"https:\/\/latajacestudio.pl\/index.php\/wp-json\/wp\/v2\/media?parent=838"}],"curies":[{"name":"wp","href":"https:\/\/api.w.org\/{rel}","templated":true}]}}