{"id":3,"date":"2024-06-11T18:10:13","date_gmt":"2024-06-11T18:10:13","guid":{"rendered":"http:\/\/latajacestudio.pl\/?page_id=3"},"modified":"2024-11-14T18:51:15","modified_gmt":"2024-11-14T18:51:15","slug":"polityka-prywatnosci","status":"publish","type":"page","link":"https:\/\/latajacestudio.pl\/index.php\/polityka-prywatnosci\/","title":{"rendered":"Polityka Prywatno\u015bci"},"content":{"rendered":"\t\t<div data-elementor-type=\"wp-page\" data-elementor-id=\"3\" class=\"elementor elementor-3\">\n\t\t\t\t<div class=\"elementor-element elementor-element-4a40895e e-flex e-con-boxed e-con e-parent\" data-id=\"4a40895e\" data-element_type=\"container\">\n\t\t\t\t\t<div class=\"e-con-inner\">\n\t\t\t\t<div class=\"elementor-element elementor-element-175666d9 elementor-widget elementor-widget-text-editor\" data-id=\"175666d9\" data-element_type=\"widget\" data-widget_type=\"text-editor.default\">\n\t\t\t\t<div class=\"elementor-widget-container\">\n\t\t\t\t\t\t\t\t\t<p><b>Kto jest administratorem Twoich danych osobowych?<\/b><\/p><p><span style=\"font-weight: 400;\">Administratorem, czyli podmiotem decyduj\u0105cym o tym, jak b\u0119d\u0105 wykorzystywane Twoje dane osobowe, jest Lataj\u0105ce Studio z siedzib\u0105 przy ul. G\u0142ogowskiej 152, 60-205 w Poznaniu, wpisane do Centralnej Ewidencji i Informacji o Dzia\u0142alno\u015bci Gospodarczej (CEIDG) prowadzonej przez ministra w\u0142a\u015bciwego ds. gospodarki, NIP 7822203833, REGON 365215580 (dalej \u201eMy\u201d), operator strony internetowej https:\/\/latajacestudio.pl oraz internetowej platformy do prowadzenia zapis\u00f3w na zaj\u0119cia dost\u0119pnej pod adresem https:\/\/app.fitssey.com\/latajacestudio (dalej \u201eLataj\u0105ce Studio\u201d lub \u201cStudio\u201d).<\/span><\/p><p><span style=\"font-weight: 400;\">\u00a0<\/span><\/p><p><b>Jak si\u0119 z nami skontaktowa\u0107, \u017ceby uzyska\u0107 wi\u0119cej informacji o przetwarzaniu Twoich danych osobowych?<\/b><\/p><p><span style=\"font-weight: 400;\">Napisz do wyznaczonego przez nas inspektora danych osobowych. Oto jego dane kontaktowe:<\/span><\/p><ul><li style=\"font-weight: 400;\" aria-level=\"1\"><span style=\"font-weight: 400;\">adres e-mail: latajacestudio@gmail.com, temat wiadomo\u015bci \u201cIOD\u201d<\/span><\/li><li style=\"font-weight: 400;\" aria-level=\"1\"><span style=\"font-weight: 400;\">adres pocztowy: Inspektor Ochrony Danych Lataj\u0105ce studio, ul. G\u0142ogowska 152, 60-205<\/span> <span style=\"font-weight: 400;\">Pozna\u0144<\/span><\/li><li style=\"font-weight: 400;\" aria-level=\"1\"><span style=\"font-weight: 400;\">telefonicznie pod numerem +48 455400165.<\/span><\/li><\/ul><p><span style=\"font-weight: 400;\">\u00a0<\/span><\/p><p><b>Sk\u0105d mamy Twoje dane?<\/b><\/p><p><span style=\"font-weight: 400;\">Otrzymali\u015bmy je od Ciebie podczas zak\u0142adania konta, a tak\u017ce p\u00f3\u017aniej, w zwi\u0105zku z transakcjami dokonywanymi przez Ciebie w systemie Fitssey, lub w zwi\u0105zku z zapisem na zaj\u0119cia przy u\u017cyciu wiadomo\u015bci e-mail albo na portalach spo\u0142eczno\u015bciowych.<\/span><\/p><p><span style=\"font-weight: 400;\">Je\u015bli odwiedzisz nasz\u0105 stron\u0119 logowania, utworzymy tymczasowy plik cookie na potrzeby sprawdzenia, czy Twoja przegl\u0105darka akceptuje pliki cookie. Ten plik cookie nie zawiera \u017cadnych danych osobowych i jest usuwany po zamkni\u0119ciu przegl\u0105darki.<\/span><\/p><p><span style=\"font-weight: 400;\">Kiedy si\u0119 zalogujesz, utworzymy r\u00f3wnie\u017c kilka plik\u00f3w cookie, aby zapisa\u0107 Twoje dane logowania i wybrane opcje wy\u015bwietlania ekranu. Pliki cookie s\u0142u\u017c\u0105ce do logowania s\u0105 wa\u017cne przez dwa dni, a pliki cookie dotycz\u0105ce opcji ekranowych \u2013 przez rok. Je\u015bli wybierzesz opcj\u0119 \u201eZapami\u0119taj mnie\u201d, Tw\u00f3j login b\u0119dzie wa\u017cny przez dwa tygodnie. Je\u015bli wylogujesz si\u0119 ze swojego konta, pliki cookie logowania zostan\u0105 usuni\u0119te.<\/span><\/p><p><span style=\"font-weight: 400;\">\u00a0<\/span><\/p><p><b>Osadzone tre\u015bci<\/b><\/p><p><span style=\"font-weight: 400;\">Artyku\u0142y w tej witrynie mog\u0105 zawiera\u0107 osadzone tre\u015bci (np. filmy, obrazy, artyku\u0142y itp.). Osadzone tre\u015bci z innych witryn zachowuj\u0105 si\u0119 dok\u0142adnie tak samo, jakby u\u017cytkownik odwiedzi\u0142 inn\u0105 witryn\u0119.<\/span><\/p><p><span style=\"font-weight: 400;\">\u00a0<\/span><\/p><p><span style=\"font-weight: 400;\">Strony te mog\u0105 zbiera\u0107 dane o Tobie, wykorzystywa\u0107 pliki cookie, osadza\u0107 dodatkowe \u015bledzenie stron trzecich i monitorowa\u0107 Twoj\u0105 interakcj\u0119 z osadzon\u0105 tre\u015bci\u0105, w tym \u015bledzenie Twojej interakcji z osadzon\u0105 tre\u015bci\u0105, je\u015bli masz konto i jeste\u015b zalogowany w tej witrynie.<\/span><\/p><p><span style=\"font-weight: 400;\">\u00a0<\/span><\/p><p><b>Jaki jest cel i podstawa prawna przetwarzania Twoich danych osobowych przez Lataj\u0105ce Studio?<\/b><\/p><p><span style=\"font-weight: 400;\">Przetwarzamy Twoje dane osobowe, poniewa\u017c jest to niezb\u0119dne do wykonania umowy zawartej z Tob\u0105\u00a0 (art. 6 ust. 1 lit. b) RODO) i do \u015bwiadczenia us\u0142ug, w tym do:<\/span><\/p><ul><li style=\"font-weight: 400;\" aria-level=\"1\"><span style=\"font-weight: 400;\">umo\u017cliwienia \u015bwiadczenia us\u0142ugi drog\u0105 elektroniczn\u0105 oraz pe\u0142nego korzystania z us\u0142ug Lataj\u0105cego Studia, w tym dokonywania transakcji w Studiu;<\/span><p>\u00a0<\/p><\/li><li style=\"font-weight: 400;\" aria-level=\"1\"><span style=\"font-weight: 400;\">zak\u0142adania, utrzymania i zarz\u0105dzania Twoim kontem lub kontami, oraz zapewnienia obs\u0142ugi Twojego konta, transakcji i rozwi\u0105zywania problem\u00f3w technicznych;<\/span><p>\u00a0<\/p><\/li><li style=\"font-weight: 400;\" aria-level=\"1\"><span style=\"font-weight: 400;\">obs\u0142ugi reklamacji w przypadku, gdy z\u0142o\u017cysz tak\u0105 reklamacj\u0119;<\/span><p>\u00a0<\/p><\/li><li style=\"font-weight: 400;\" aria-level=\"1\"><span style=\"font-weight: 400;\">obs\u0142ugi zg\u0142osze\u0144, kt\u00f3re do nas kierujesz;<\/span><p>\u00a0<\/p><\/li><li style=\"font-weight: 400;\" aria-level=\"1\"><span style=\"font-weight: 400;\">prowadzenia list obecno\u015bci na zaj\u0119cia, na kt\u00f3re si\u0119 zapisa\u0142e\u015b;<\/span><span style=\"font-weight: 400;\"><br \/><\/span><span style=\"font-weight: 400;\">\u00a0<\/span><\/li><li style=\"font-weight: 400;\" aria-level=\"1\"><span style=\"font-weight: 400;\">kontaktowania si\u0119 z Tob\u0105, w tym w celach zwi\u0105zanych ze \u015bwiadczeniem us\u0142ug.<\/span><p>\u00a0<\/p><\/li><\/ul><p><span style=\"font-weight: 400;\">Dane osobowe b\u0119d\u0105 przechowywane przez okres trwania umowy oraz na czas zgodny z obowi\u0105zuj\u0105cymi przepisami z uwzgl\u0119dnieniem przedawnienia roszcze\u0144 oraz zobowi\u0105za\u0144 podatkowych.<\/span><span style=\"font-weight: 400;\"><br \/><\/span><span style=\"font-weight: 400;\">Dane osobowe na przetwarzanie, kt\u00f3rych wyrazi\u0142e\u015b zgod\u0119 b\u0119d\u0105 przechowywane do czasu cofni\u0119cia przez Ciebie zgody.<\/span><\/p><p><span style=\"font-weight: 400;\">\u00a0<\/span><\/p><p><b>Przetwarzamy te\u017c Twoje dane osobowe w celach wskazanych poni\u017cej, na podstawie prawnie uzasadnionego interesu Lataj\u0105cego Studia, kt\u00f3rym jest:<\/b><\/p><ul><li style=\"font-weight: 400;\" aria-level=\"1\"><span style=\"font-weight: 400;\">monitorowanie Twojej aktywno\u015bci oraz wszystkich innych u\u017cytkownik\u00f3w, obejmuj\u0105cej np. wyb\u00f3r oferowanych zaj\u0119\u0107, zamieszczanie ofert oraz zarz\u0105dzanie Twoj\u0105 aktywno\u015bci\u0105 w systemie Fitssey Studia;<\/span><p>\u00a0<\/p><\/li><li style=\"font-weight: 400;\" aria-level=\"1\"><span style=\"font-weight: 400;\">prowadzenie wobec Ciebie dzia\u0142a\u0144 marketingowych w tym prowadzenia marketingu bezpo\u015bredniego us\u0142ug Studia;<\/span><p>\u00a0<\/p><\/li><li style=\"font-weight: 400;\" aria-level=\"1\"><span style=\"font-weight: 400;\">kontaktowanie si\u0119 z Tob\u0105, w tym w celach zwi\u0105zanych z dozwolonymi dzia\u0142aniami marketingowymi, poprzez dost\u0119pne kana\u0142y komunikacji, w szczeg\u00f3lno\u015bci i za Twoj\u0105 zgod\u0105 &#8211; przez e-mail oraz telefon;<\/span><p>\u00a0<\/p><\/li><li style=\"font-weight: 400;\" aria-level=\"1\"><span style=\"font-weight: 400;\">zapewnienie obs\u0142ugi us\u0142ug p\u0142atniczych;<\/span><p>\u00a0<\/p><\/li><li style=\"font-weight: 400;\" aria-level=\"1\"><span style=\"font-weight: 400;\">zapewnienie bezpiecze\u0144stwa us\u0142ug, kt\u00f3re \u015bwiadczymy Ci drog\u0105 elektroniczn\u0105, w tym przeciwdzia\u0142anie oszustwom i nadu\u017cyciom i zapewnienie bezpiecze\u0144stwa ruchu;<\/span><p>\u00a0<\/p><\/li><li style=\"font-weight: 400;\" aria-level=\"1\"><span style=\"font-weight: 400;\">zamieszczania ofert, przeprowadzenia bada\u0144 i analiz Studia mi\u0119dzy innymi pod k\u0105tem funkcjonalno\u015bci tej platformy handlowej, poprawy dzia\u0142ania us\u0142ug czy oszacowania g\u0142\u00f3wnych zainteresowa\u0144 i potrzeb odwiedzaj\u0105cych;<\/span><p>\u00a0<\/p><\/li><li style=\"font-weight: 400;\" aria-level=\"1\"><span style=\"font-weight: 400;\">poprawy dzia\u0142ania us\u0142ug czy oszacowania g\u0142\u00f3wnych zainteresowa\u0144 i potrzeb odwiedzaj\u0105cych;<\/span><p>\u00a0<\/p><\/li><li style=\"font-weight: 400;\" aria-level=\"1\"><span style=\"font-weight: 400;\">obs\u0142uga Twoich pr\u00f3\u015bb w sytuacji, gdy nie s\u0105 one zwi\u0105zane wprost z wykonaniem umowy;<\/span><p>\u00a0<\/p><\/li><li style=\"font-weight: 400;\" aria-level=\"1\"><span style=\"font-weight: 400;\">organizacja program\u00f3w lojalno\u015bciowych, konkurs\u00f3w oraz akcji promocyjnych, w kt\u00f3rych mo\u017cesz wzi\u0105\u0107 udzia\u0142;<\/span><p>\u00a0<\/p><\/li><li style=\"font-weight: 400;\" aria-level=\"1\"><span style=\"font-weight: 400;\">windykacja nale\u017cno\u015bci; prowadzenie post\u0119powa\u0144 s\u0105dowych, arbitra\u017cowych i mediacyjnych;<\/span><p>\u00a0<\/p><\/li><li style=\"font-weight: 400;\" aria-level=\"1\"><span style=\"font-weight: 400;\">prowadzenie analiz statystycznych;<\/span><p>\u00a0<\/p><\/li><li style=\"font-weight: 400;\" aria-level=\"1\"><span style=\"font-weight: 400;\">przechowywanie danych dla cel\u00f3w archiwizacyjnych, oraz zapewnienie rozliczalno\u015bci (wykazania spe\u0142nienia przez nas obowi\u0105zk\u00f3w wynikaj\u0105cych z przepis\u00f3w prawa).<\/span><\/li><\/ul><p><span style=\"font-weight: 400;\">\u00a0<\/span><\/p><p><b>Je\u015bli si\u0119 na to zgodzisz, przetwarzamy Twoje dane osobowe w celu:<\/b><\/p><ul><li style=\"font-weight: 400;\" aria-level=\"1\"><span style=\"font-weight: 400;\">zapisywania danych w plikach cookies, gromadzenia danych ze stron www i aplikacji mobilnych;<\/span><p>\u00a0<\/p><\/li><li style=\"font-weight: 400;\" aria-level=\"1\"><span style=\"font-weight: 400;\">umo\u017cliwienia dostarczania informacji marketingowych, w tym us\u0142ugi newslettera;<\/span><p>\u00a0<\/p><\/li><li style=\"font-weight: 400;\" aria-level=\"1\"><span style=\"font-weight: 400;\">organizacji konkurs\u00f3w oraz akcji promocyjnych, w kt\u00f3rych mo\u017cesz wzi\u0105\u0107 udzia\u0142;<\/span><\/li><\/ul><p><span style=\"font-weight: 400;\">Zgod\u0119 na przetwarzanie danych osobowych, mo\u017cesz wycofa\u0107 w dowolnym momencie w ten sam spos\u00f3b jak j\u0105 wyrazi\u0142e\u015b. B\u0119dziemy przetwarza\u0107 Twoje dane osobowe dop\u00f3ki nie wycofasz zgody.<\/span><\/p><p><span style=\"font-weight: 400;\">\u00a0<\/span><\/p><p><span style=\"font-weight: 400;\">W przypadku przetwarzania danych w wymienionych celach marketingowych, podstaw\u0105 takiego przetwarzania jest realizacja cel\u00f3w wynikaj\u0105cych z prawnie uzasadnionych interes\u00f3w wype\u0142nianych przez Administratora lub przez jego partner\u00f3w (art. 6 ust. 1 lit. f) RODO), jednak w takiej sytuacji partnerzy nie bior\u0105 udzia\u0142u w przetwarzaniu Twoich danych. Przy czym, w zakresie w jakim r\u00f3wnie\u017c partnerzy Administratora mog\u0105 mie\u0107 bezpo\u015bredni dost\u0119p do takich informacji \u2013 podstaw\u0105 prawn\u0105 takiego przetwarzania jest Twoja dobrowolna zgoda (art. 6 ust. 1 lit. a) RODO).\u00a0<\/span><\/p><p><span style=\"font-weight: 400;\">\u00a0<\/span><\/p><p><b>W pozosta\u0142ych (innych) celach podstaw\u0105 przetwarzania Danych Osobowych Klienta s\u0105:<\/b><\/p><ul><li style=\"font-weight: 400;\" aria-level=\"1\"><span style=\"font-weight: 400;\">dobrowolnie wyra\u017cone zgody \u2013 np. os\u00f3b przyst\u0119puj\u0105cych do konkurs\u00f3w (art. 6 ust. 1 lit. a) RODO);<\/span><\/li><li style=\"font-weight: 400;\" aria-level=\"1\"><span style=\"font-weight: 400;\">obowi\u0105zuj\u0105ce przepisy prawa \u2013 gdy przetwarzanie niezb\u0119dne jest do wype\u0142nienia obowi\u0105zku prawnego ci\u0105\u017c\u0105cego na Administratorze, np. gdy na podstawie przepis\u00f3w podatkowych lub rachunkowych Administrator rozlicza zawarte umowy sprzeda\u017cy (art. 6 ust. 1 lit. c) RODO);<\/span><\/li><li style=\"font-weight: 400;\" aria-level=\"1\"><span style=\"font-weight: 400;\">niezb\u0119dno\u015b\u0107 do innych ni\u017c wskazane powy\u017cej cel\u00f3w wynikaj\u0105cych z prawnie uzasadnionych interes\u00f3w realizowanych przez Administratora lub przez stron\u0119 trzeci\u0105, w szczeg\u00f3lno\u015bci do ustalenia, dochodzenia lub obrony roszcze\u0144, prowadzenia korespondencji z Tob\u0105, tak\u017ce za po\u015brednictwem formularzy kontaktowych (w tym udzielania odpowiedzi na Twoje wiadomo\u015bci), analiz rynkowych oraz statystycznych (art. 6 ust. 1 lit. f) RODO).<\/span><\/li><\/ul><p><span style=\"font-weight: 400;\">\u00a0<\/span><\/p><p><b>Czy musisz poda\u0107 nam swoje dane osobowe?<\/b><\/p><p><span style=\"font-weight: 400;\">Wymagamy podania przez Ciebie nast\u0119puj\u0105cych danych osobowych, aby m\u00f3c zawrze\u0107 i wykona\u0107 umow\u0119 zawart\u0105 z Tob\u0105, a tym samym \u015bwiadczy\u0107 Ci us\u0142ug\u0119:<\/span><\/p><ul><li style=\"font-weight: 400;\" aria-level=\"1\"><span style=\"font-weight: 400;\">adres e-mail i has\u0142o, imi\u0119 i nazwisko, nr telefonu oraz dane kontaktowe osoby pierwszego kontaktu\/opiekuna.<\/span><p>\u00a0<\/p><\/li><\/ul><p><span style=\"font-weight: 400;\">Je\u015bli z jakiego\u015b powodu nie podasz tych danych osobowych, niestety nie b\u0119dziemy mogli zawrze\u0107 z Tob\u0105 umowy, a w konsekwencji nie b\u0119dziesz m\u00f3g\u0142 korzysta\u0107 ze Studia.<\/span><\/p><p><span style=\"font-weight: 400;\">Je\u017celi wymagaj\u0105 tego przepisy prawa, mo\u017cemy wymaga\u0107 od Ciebie podania innych danych niezb\u0119dnych np. ze wzgl\u0119d\u00f3w rachunkowych lub podatkowych. Poza tymi przypadkami podanie Twoich danych jest dobrowolne.<\/span><\/p><p><span style=\"font-weight: 400;\">\u00a0<\/span><\/p><p><b>Jakie masz uprawnienia wobec Nas w zakresie przetwarzanych danych?<\/b><\/p><p><span style=\"font-weight: 400;\">Gwarantujemy spe\u0142nienie wszystkich Twoich praw wynikaj\u0105cych z og\u00f3lnego rozporz\u0105dzenia o ochronie danych, tj. prawo dost\u0119pu, sprostowania oraz usuni\u0119cia Twoich danych, ograniczenia ich przetwarzania, prawo do ich przenoszenia, niepodlegania zautomatyzowanemu podejmowaniu decyzji, w tym profilowaniu, a tak\u017ce prawo do wyra\u017cenia sprzeciwu wobec przetwarzania Twoich danych osobowych.<\/span><\/p><p><span style=\"font-weight: 400;\">Z uprawnie\u0144 tych mo\u017cesz skorzysta\u0107:<\/span><\/p><ul><li style=\"font-weight: 400;\" aria-level=\"1\"><span style=\"font-weight: 400;\">gdy chcesz mie\u0107 wgl\u0105d w swoje dane;<\/span><\/li><li style=\"font-weight: 400;\" aria-level=\"1\"><span style=\"font-weight: 400;\">w odniesieniu do \u017c\u0105dania sprostowania danych: zauwa\u017cysz, \u017ce Twoje dane s\u0105 nieprawid\u0142owe lub niekompletne;<\/span><\/li><li style=\"font-weight: 400;\" aria-level=\"1\"><span style=\"font-weight: 400;\">w odniesieniu do \u017c\u0105dania usuni\u0119cia danych: Twoje dane nie b\u0119d\u0105 ju\u017c niezb\u0119dne do cel\u00f3w, dla kt\u00f3rych zosta\u0142y zebrane przez Nas; cofniesz swoj\u0105 zgod\u0119 na przetwarzanie danych; zg\u0142osisz sprzeciw wobec przetwarzania Twoich danych; Twoje dane b\u0119d\u0105 przetwarzane niezgodnie z prawem; dane powinny by\u0107 usuni\u0119te w celu wywi\u0105zania si\u0119 z obowi\u0105zku wynikaj\u0105cego z przepisu prawa lub dane zosta\u0142y zebrane w zwi\u0105zku ze \u015bwiadczeniem us\u0142ug drog\u0105 elektroniczn\u0105 oferowanych dziecku;<\/span><\/li><li style=\"font-weight: 400;\" aria-level=\"1\"><span style=\"font-weight: 400;\">w odniesieniu do \u017c\u0105dania ograniczenia przetwarzania danych: zauwa\u017cysz, \u017ce Twoje dane s\u0105 nieprawid\u0142owe \u2013 mo\u017cesz \u017c\u0105da\u0107 ograniczenia przetwarzania Twoich danych na okres pozwalaj\u0105cy nam sprawdzi\u0107 prawid\u0142owo\u015b\u0107 tych danych; Twoje dane b\u0119d\u0105 przetwarzane niezgodnie z prawem, ale nie b\u0119dziesz chcia\u0142\/a, aby zosta\u0142y usuni\u0119te; Twoje dane nie b\u0119d\u0105 nam ju\u017c potrzebne, ale mog\u0105 by\u0107 potrzebne Tobie do obrony lub dochodzenia roszcze\u0144; lub wniesiesz sprzeciw wobec przetwarzania danych \u2013 do czasu ustalenia, czy prawnie uzasadnione podstawy po naszej stronie s\u0105 nadrz\u0119dne wobec podstawy sprzeciwu;<\/span><\/li><li style=\"font-weight: 400;\" aria-level=\"1\"><span style=\"font-weight: 400;\">w odniesieniu do \u017c\u0105dania przeniesienia danych: przetwarzanie Twoich danych odbywa si\u0119 na podstawie Twojej zgody lub umowy zawartej z Tob\u0105 oraz, gdy przetwarzanie to odbywa si\u0119 w spos\u00f3b automatyczny.<\/span><p>\u00a0<\/p><\/li><\/ul><p><span style=\"font-weight: 400;\">\u00a0<\/span><b>Gdzie mo\u017cesz zg\u0142osi\u0107 swoje \u017c\u0105dania?<\/b><\/p><p><span style=\"font-weight: 400;\">\u017b\u0105dania z zakresu przetwarzania danych osobowych mo\u017cesz zg\u0142asza\u0107 mailowo na adres administratora danych latajacestudiopoznan@gmail.com.<\/span><\/p><p><span style=\"font-weight: 400;\">Masz prawo wnie\u015b\u0107 skarg\u0119 w zwi\u0105zku z przetwarzaniem przez nas Twoich danych osobowych do organu nadzorczego, kt\u00f3rym jest Generalny Inspektor Ochrony Danych Osobowych (adres: Generalny Inspektor Ochrony Danych Osobowych, ul. Stawki 2, 00-193 Warszawa).<\/span><\/p><p><span style=\"font-weight: 400;\">\u00a0<\/span><\/p><p><b>W jakich sytuacjach mo\u017cesz si\u0119 sprzeciwi\u0107 wobec przetwarzania Twoich danych?<\/b><\/p><p><span style=\"font-weight: 400;\">Masz prawo wnie\u015b\u0107 sprzeciw wobec przetwarzania Twoich danych osobowych, gdy:<\/span><\/p><ul><li style=\"font-weight: 400;\" aria-level=\"1\"><span style=\"font-weight: 400;\">przetwarzanie Twoich danych osobowych odbywa si\u0119 na podstawie prawnie uzasadnionego interesu lub dla cel\u00f3w statystycznych, a sprzeciw jest uzasadniony przez szczeg\u00f3ln\u0105 sytuacj\u0119, w kt\u00f3rej si\u0119 znalaz\u0142e\u015b\/a\u015b,<\/span><\/li><li style=\"font-weight: 400;\" aria-level=\"1\"><span style=\"font-weight: 400;\">Twoje dane osobowe przetwarzane s\u0105 na potrzeby marketingu bezpo\u015bredniego, w tym s\u0105 profilowane dla tego celu.<\/span><\/li><li style=\"font-weight: 400;\" aria-level=\"1\">\u00a0<\/li><\/ul><p><span style=\"font-weight: 400;\">Pami\u0119taj, \u017ce z prawa sprzeciwu mo\u017cesz skorzysta\u0107 od 25 maja 2018 roku.<\/span><\/p><p><span style=\"font-weight: 400;\">\u00a0<\/span><\/p><p><b>Komu udost\u0119pniamy Twoje dane osobowe?<\/b><\/p><p><span style=\"font-weight: 400;\">Twoje dane osobowe udost\u0119pniamy podmiotom wspieraj\u0105cym nas w \u015bwiadczeniu us\u0142ug drog\u0105 elektroniczn\u0105, czyli takim, kt\u00f3re zapewniaj\u0105 us\u0142ugi p\u0142atnicze, wspieraj\u0105 promocj\u0119 ofert, wsp\u00f3\u0142pracuj\u0105 w ramach kampanii marketingowych.<\/span><\/p><p><span style=\"font-weight: 400;\">Twoje dane osobowe mog\u0105 by\u0107 przekazywane operatorowi p\u0142atno\u015bci Przelewy24 \u2013 us\u0142ugi \u015bwiadczonej przez PayPro S.A. z siedzib\u0105 w Poznaniu przy ul. Pastelowej 8, 60-198 Pozna\u0144, wpisanej do Rejestru Przedsi\u0119biorc\u00f3w Krajowego Rejestru S\u0105dowego prowadzonego przez S\u0105d Rejonowy Pozna\u0144 Nowe Miasto i Wilda, VIII Wydzia\u0142 Gospodarczy Krajowego Rejestru S\u0105dowego pod numerem KRS 0000347935, numer NIP 7792369887.<\/span><\/p><p><span style=\"font-weight: 400;\">Mo\u017cemy przekaza\u0107 Twoje dane osobowe organom publicznym walcz\u0105cym z oszustwami i nadu\u017cyciami.<\/span><\/p><p><span style=\"font-weight: 400;\">Je\u015bli poprosisz o zresetowanie has\u0142a, Tw\u00f3j adres IP zostanie zawarty w wiadomo\u015bci e-mail dotycz\u0105cej resetowania.<\/span><\/p><p><span style=\"font-weight: 400;\">\u00a0<\/span><\/p><p><b>Jak d\u0142ugo przechowujemy Twoje dane osobowe?<\/b><\/p><p><span style=\"font-weight: 400;\">Przechowujemy Twoje dane osobowe przez czas obowi\u0105zywania umowy zawartej z Tob\u0105, a tak\u017ce po jej zako\u0144czeniu w celach:<\/span><\/p><ul><li style=\"font-weight: 400;\" aria-level=\"1\"><span style=\"font-weight: 400;\">dochodzenia roszcze\u0144 w zwi\u0105zku z wykonywaniem umowy,<\/span><p>\u00a0<\/p><\/li><li style=\"font-weight: 400;\" aria-level=\"1\"><span style=\"font-weight: 400;\">wykonania obowi\u0105zk\u00f3w wynikaj\u0105cych z przepis\u00f3w prawa, w tym w szczeg\u00f3lno\u015bci podatkowych i rachunkowych,<\/span><p>\u00a0<\/p><\/li><li style=\"font-weight: 400;\" aria-level=\"1\"><span style=\"font-weight: 400;\">zapobiegania nadu\u017cyciom i oszustwom,<\/span><p>\u00a0<\/p><\/li><li style=\"font-weight: 400;\" aria-level=\"1\"><span style=\"font-weight: 400;\">statystycznych i archiwizacyjnych,<\/span><p>\u00a0<\/p><\/li><li style=\"font-weight: 400;\" aria-level=\"1\"><span style=\"font-weight: 400;\">maksymalnie przez okres 10 lat od dnia zako\u0144czenia wykonania umowy.<\/span><p>\u00a0<\/p><\/li><\/ul><p><span style=\"font-weight: 400;\">Przechowujemy Twoje dane osobowe dla cel\u00f3w marketingowych przez okres obowi\u0105zywania umowy lub do momentu wniesienia przez Ciebie sprzeciwu wobec takiego przetwarzania, w zale\u017cno\u015bci od tego, kt\u00f3re z tych zdarze\u0144 wyst\u0105pi wcze\u015bniej.<\/span><\/p><p><span style=\"font-weight: 400;\">W przypadku organizacji program\u00f3w lojalno\u015bciowych, konkurs\u00f3w oraz akcji promocyjnych, w kt\u00f3rych mo\u017cesz wzi\u0105\u0107 udzia\u0142 \u2013 b\u0119dziemy przetwarza\u0107 Twoje dane przez czas ich trwania i okres rozliczenia wr\u0119czania nagr\u00f3d.<\/span><\/p><p><span style=\"font-weight: 400;\">\u00a0<\/span><\/p><p><b>Czy przekazujemy Twoje dane do pa\u0144stw spoza Europejskiego Obszaru Gospodarczego?<\/b><\/p><p><span style=\"font-weight: 400;\">Twoje dane osobowe b\u0119d\u0105 przekazywane poza Europejski Obszar Gospodarczy do Google LLC w oparciu o odpowiednie zabezpieczenia prawne, kt\u00f3rymi s\u0105 standardowe klauzule umowne ochrony danych osobowych, zatwierdzone przez Komisj\u0119 Europejsk\u0105.<\/span><\/p><p><span style=\"font-weight: 400;\">\u00a0<\/span><\/p><p><b>Czy przetwarzamy Twoje dane osobowe automatycznie (w tym poprzez profilowanie) w spos\u00f3b wp\u0142ywaj\u0105cy na Twoje prawa?<\/b><\/p><p><span style=\"font-weight: 400;\">Twoje dane osobowe b\u0119d\u0105 przetwarzane w spos\u00f3b zautomatyzowany (w tym w formie profilowania), jednak\u017ce nie b\u0119dzie to wywo\u0142ywa\u0107 wobec Ciebie \u017cadnych skutk\u00f3w prawnych lub w podobny spos\u00f3b istotnie wp\u0142ywa\u0107 na Twoj\u0105 sytuacj\u0119.<\/span><\/p><p><span style=\"font-weight: 400;\">Profilowanie danych osobowych przez Lataj\u0105ce Studio polega na przetwarzaniu Twoich danych (r\u00f3wnie\u017c w spos\u00f3b zautomatyzowany), poprzez wykorzystywanie ich do oceny niekt\u00f3rych informacji o Tobie, w szczeg\u00f3lno\u015bci do analizy lub prognozy osobistych preferencji oraz zainteresowa\u0144.<\/span><\/p><p><span style=\"font-weight: 400;\">\u00a0<\/span><\/p><p><b>Czy Twoje dane s\u0105 bezpieczne?<\/b><\/p><p><span style=\"font-weight: 400;\">Administrator zobowi\u0105zuje si\u0119 do zachowania oraz przestrzegania tajemnicy zwi\u0105zanej z danymi oraz ich nale\u017cytego zabezpieczenia. zobowi\u0105zuje si\u0119 on te\u017c do do\u0142o\u017cenia stara\u0144 w celu zachowania nale\u017cytego zabezpieczenia Twoich danych osobowych.<\/span><\/p>\t\t\t\t\t\t\t\t<\/div>\n\t\t\t\t<\/div>\n\t\t\t\t<div class=\"elementor-element elementor-element-11d82d8 elementor-widget elementor-widget-spacer\" data-id=\"11d82d8\" data-element_type=\"widget\" data-widget_type=\"spacer.default\">\n\t\t\t\t<div class=\"elementor-widget-container\">\n\t\t\t\t\t\t\t<div class=\"elementor-spacer\">\n\t\t\t<div class=\"elementor-spacer-inner\"><\/div>\n\t\t<\/div>\n\t\t\t\t\t\t<\/div>\n\t\t\t\t<\/div>\n\t\t\t\t\t<\/div>\n\t\t\t\t<\/div>\n\t\t\t\t<\/div>\n\t\t","protected":false},"excerpt":{"rendered":"<p>Kto jest administratorem Twoich danych osobowych? Administratorem, czyli podmiotem decyduj\u0105cym o tym, jak b\u0119d\u0105 wykorzystywane Twoje dane osobowe, jest Lataj\u0105ce Studio z siedzib\u0105 przy ul. G\u0142ogowskiej 152, 60-205 w Poznaniu, wpisane do Centralnej Ewidencji i&hellip;<\/p>\n","protected":false},"author":1,"featured_media":0,"parent":0,"menu_order":0,"comment_status":"closed","ping_status":"open","template":"elementor_header_footer","meta":{"_seopress_robots_primary_cat":"","_seopress_titles_title":"","_seopress_titles_desc":"","_seopress_robots_index":"yes","footnotes":""},"class_list":["post-3","page","type-page","status-publish","hentry"],"_links":{"self":[{"href":"https:\/\/latajacestudio.pl\/index.php\/wp-json\/wp\/v2\/pages\/3","targetHints":{"allow":["GET"]}}],"collection":[{"href":"https:\/\/latajacestudio.pl\/index.php\/wp-json\/wp\/v2\/pages"}],"about":[{"href":"https:\/\/latajacestudio.pl\/index.php\/wp-json\/wp\/v2\/types\/page"}],"author":[{"embeddable":true,"href":"https:\/\/latajacestudio.pl\/index.php\/wp-json\/wp\/v2\/users\/1"}],"replies":[{"embeddable":true,"href":"https:\/\/latajacestudio.pl\/index.php\/wp-json\/wp\/v2\/comments?post=3"}],"version-history":[{"count":22,"href":"https:\/\/latajacestudio.pl\/index.php\/wp-json\/wp\/v2\/pages\/3\/revisions"}],"predecessor-version":[{"id":1259,"href":"https:\/\/latajacestudio.pl\/index.php\/wp-json\/wp\/v2\/pages\/3\/revisions\/1259"}],"wp:attachment":[{"href":"https:\/\/latajacestudio.pl\/index.php\/wp-json\/wp\/v2\/media?parent=3"}],"curies":[{"name":"wp","href":"https:\/\/api.w.org\/{rel}","templated":true}]}}